{"id":2,"date":"2012-09-19T19:51:58","date_gmt":"2012-09-19T19:51:58","guid":{"rendered":"http:\/\/xn--brrmann-b1a.de\/?page_id=2"},"modified":"2019-05-02T19:52:36","modified_gmt":"2019-05-02T17:52:36","slug":"beispiel-seite","status":"publish","type":"page","link":"https:\/\/www.cx-buxtehude.de\/?page_id=2","title":{"rendered":"About"},"content":{"rendered":"<p>Der Ursprung von cx-buxtehude liegt, wie der Name schon sagt: in Buxtehude. Wir waren eine kleine, unbeugsame Gruppe von CX-Sportlern in Buxtehude, die regelm\u00e4\u00dfig gemeinsam trainiert haben.<\/p>\n<p>Durch Umzug, berufliche Ver\u00e4nderungen etc. ist der Bezug zu Buxtehude zwar nicht mehr 100% gegeben, auch gibt es keine regelm\u00e4\u00dfigen, festen Trainingszeiten mehr. Trotzdem wird die Seite aktuell gehalten.<\/p>\n<p>Wer steht hinter der Seite?<\/p>\n<p>Michael, in Fachkreisen meist besser bekannt als Wadenkneifer, wohnhaft in Sittensen. Radsportler aus Leidenschaft seit 1995. Aktuell leider mal wieder etwas zu schwer unterwegs, aber ich arbeite dran&#8230;.<\/p>\n","protected":false},"excerpt":{"rendered":"<p>Der Ursprung von cx-buxtehude liegt, wie der Name schon sagt: in Buxtehude. Wir waren eine kleine, unbeugsame Gruppe von CX-Sportlern in Buxtehude, die regelm\u00e4\u00dfig gemeinsam trainiert haben. Durch Umzug, berufliche Ver\u00e4nderungen etc. ist der Bezug zu Buxtehude zwar nicht mehr &hellip; <a href=\"https:\/\/www.cx-buxtehude.de\/?page_id=2\">Weiterlesen <span class=\"meta-nav\">&rarr;<\/span><\/a><\/p>\n","protected":false},"author":1,"featured_media":0,"parent":0,"menu_order":0,"comment_status":"open","ping_status":"open","template":"","meta":{"footnotes":""},"class_list":["post-2","page","type-page","status-publish","hentry"],"_links":{"self":[{"href":"https:\/\/www.cx-buxtehude.de\/index.php?rest_route=\/wp\/v2\/pages\/2","targetHints":{"allow":["GET"]}}],"collection":[{"href":"https:\/\/www.cx-buxtehude.de\/index.php?rest_route=\/wp\/v2\/pages"}],"about":[{"href":"https:\/\/www.cx-buxtehude.de\/index.php?rest_route=\/wp\/v2\/types\/page"}],"author":[{"embeddable":true,"href":"https:\/\/www.cx-buxtehude.de\/index.php?rest_route=\/wp\/v2\/users\/1"}],"replies":[{"embeddable":true,"href":"https:\/\/www.cx-buxtehude.de\/index.php?rest_route=%2Fwp%2Fv2%2Fcomments&post=2"}],"version-history":[{"count":4,"href":"https:\/\/www.cx-buxtehude.de\/index.php?rest_route=\/wp\/v2\/pages\/2\/revisions"}],"predecessor-version":[{"id":107,"href":"https:\/\/www.cx-buxtehude.de\/index.php?rest_route=\/wp\/v2\/pages\/2\/revisions\/107"}],"wp:attachment":[{"href":"https:\/\/www.cx-buxtehude.de\/index.php?rest_route=%2Fwp%2Fv2%2Fmedia&parent=2"}],"curies":[{"name":"wp","href":"https:\/\/api.w.org\/{rel}","templated":true}]}}